{"id":423,"date":"2019-05-06T18:54:44","date_gmt":"2019-05-06T16:54:44","guid":{"rendered":"http:\/\/zegrze360.pl\/?page_id=423"},"modified":"2023-12-17T15:58:14","modified_gmt":"2023-12-17T14:58:14","slug":"o-nas","status":"publish","type":"page","link":"https:\/\/zegrze360.pl\/index.php\/o-nas\/","title":{"rendered":"O Nas"},"content":{"rendered":"\t\t<div data-elementor-type=\"wp-post\" data-elementor-id=\"423\" class=\"elementor elementor-423\">\n\t\t\t\t\t\t<div class=\"elementor-inner\">\n\t\t\t\t<div class=\"elementor-section-wrap\">\n\t\t\t\t\t\t\t\t\t<section class=\"has_eae_slider elementor-section elementor-top-section elementor-element elementor-element-9fda923 elementor-section-boxed elementor-section-height-default elementor-section-height-default\" data-id=\"9fda923\" data-element_type=\"section\">\n\t\t\t\t\t\t<div class=\"elementor-container elementor-column-gap-default\">\n\t\t\t\t\t\t\t<div class=\"elementor-row\">\n\t\t\t\t\t<div class=\"has_eae_slider elementor-column elementor-col-100 elementor-top-column elementor-element elementor-element-5f49674\" data-id=\"5f49674\" data-element_type=\"column\">\n\t\t\t<div class=\"elementor-column-wrap elementor-element-populated\">\n\t\t\t\t\t\t\t<div class=\"elementor-widget-wrap\">\n\t\t\t\t\t\t\t\t<\/div>\n\t\t\t\t\t<\/div>\n\t\t<\/div>\n\t\t\t\t\t\t\t\t<\/div>\n\t\t\t\t\t<\/div>\n\t\t<\/section>\n\t\t\t\t<section class=\"has_eae_slider elementor-section elementor-top-section elementor-element elementor-element-79706329 elementor-section-boxed elementor-section-height-default elementor-section-height-default\" data-id=\"79706329\" data-element_type=\"section\">\n\t\t\t\t\t\t<div class=\"elementor-container elementor-column-gap-default\">\n\t\t\t\t\t\t\t<div class=\"elementor-row\">\n\t\t\t\t\t<div class=\"has_eae_slider elementor-column elementor-col-100 elementor-top-column elementor-element elementor-element-4619b289\" data-id=\"4619b289\" data-element_type=\"column\" data-settings=\"{&quot;background_background&quot;:&quot;classic&quot;}\">\n\t\t\t<div class=\"elementor-column-wrap elementor-element-populated\">\n\t\t\t\t\t\t\t<div class=\"elementor-widget-wrap\">\n\t\t\t\t\t\t<div class=\"elementor-element elementor-element-c43bfc6 elementor-widget elementor-widget-text-editor\" data-id=\"c43bfc6\" data-element_type=\"widget\" data-widget_type=\"text-editor.default\">\n\t\t\t\t<div class=\"elementor-widget-container\">\n\t\t\t\t\t\t\t\t<div class=\"elementor-text-editor elementor-clearfix\">\n\t\t\t\t<p style=\"text-align: center;\">Zegrze360 to firma, kt\u00f3ra powsta\u0142a z pasji do sport\u00f3w wodnych i ch\u0119ci zapewnienia \u015bwiatowych standard\u00f3w obs\u0142ugi dla wymagaj\u0105cych klient\u00f3w.\u00a0<\/p><p><span style=\"font-weight: var( --e-global-typography-text-font-weight );\">Ju\u017c od 8 lat mo\u017cecie korzysta\u0107 z naszej nowoczesnej, stale modernizowanej floty \u0142odzi \u017caglowych i motorowych.<\/span><\/p>\t\t\t\t\t<\/div>\n\t\t\t\t\t\t<\/div>\n\t\t\t\t<\/div>\n\t\t\t\t<div class=\"elementor-element elementor-element-d01e663 elementor-widget elementor-widget-text-editor\" data-id=\"d01e663\" data-element_type=\"widget\" data-widget_type=\"text-editor.default\">\n\t\t\t\t<div class=\"elementor-widget-container\">\n\t\t\t\t\t\t\t\t<div class=\"elementor-text-editor elementor-clearfix\">\n\t\t\t\t<p>Chcemy Wam da\u0107 mo\u017cliwo\u015b\u0107 poznania \u015bwiata sport\u00f3w wodnych, rozwijania si\u0119 i zbierania cennego do\u015bwiadczenia. Zawsze pomo\u017cemy, podpowiemy i poka\u017cemy &#8211; taka ju\u017c nasza natura. <br \/>Dziel\u0105c si\u0119 naszym kilkudziesi\u0119cioletnim do\u015bwiadczeniem, przygotowujemy dla Was wyj\u0105tkowe autorskie projekty, kt\u00f3re pozwol\u0105 Wam w szybki i przyst\u0119pny spos\u00f3b rozwija\u0107 swoje hobby. <br \/>Dzi\u0119ki nam to b\u0119dzie sama przyjemno\u015b\u0107.<\/p>\t\t\t\t\t<\/div>\n\t\t\t\t\t\t<\/div>\n\t\t\t\t<\/div>\n\t\t\t\t<div class=\"elementor-element elementor-element-531a5d0 elementor-widget elementor-widget-text-editor\" data-id=\"531a5d0\" data-element_type=\"widget\" data-widget_type=\"text-editor.default\">\n\t\t\t\t<div class=\"elementor-widget-container\">\n\t\t\t\t\t\t\t\t<div class=\"elementor-text-editor elementor-clearfix\">\n\t\t\t\t<p><span style=\"font-family: Lato, sans-serif; font-size: 35px; text-align: justify; background-color: rgba(255, 255, 255, 0.65);\">NASZA ZA\u0141OGA<\/span><\/p>\t\t\t\t\t<\/div>\n\t\t\t\t\t\t<\/div>\n\t\t\t\t<\/div>\n\t\t\t\t<div class=\"elementor-element elementor-element-2bdb89f0 elementor-widget elementor-widget-text-editor\" data-id=\"2bdb89f0\" data-element_type=\"widget\" data-widget_type=\"text-editor.default\">\n\t\t\t\t<div class=\"elementor-widget-container\">\n\t\t\t\t\t\t\t\t<div class=\"elementor-text-editor elementor-clearfix\">\n\t\t\t\t<p>KAROL&nbsp; KOWALSKI<\/p>\n<p>Po\u0142\u0105czenie pasji do sport\u00f3w wodnych, kt\u00f3ra w rodzinie Karola przekazywana by\u0142a od pokole\u0144, z ch\u0119ci\u0105 odkrywania \u015bwiata, zaowocowa\u0142o wieloma rejsami oraz wyprawami w r\u00f3\u017cne zak\u0105tki Polski i \u015awiata. Po kilkumiesi\u0119cznej podr\u00f3\u017cy po Azji Po\u0142udniowo-Wschodniej, zrodzi\u0142 si\u0119 pomys\u0142 uniezale\u017cnienia i za\u0142o\u017cenia w\u0142asnej firmy.<br><span style=\"color: var( --e-global-color-text ); font-weight: var( --e-global-typography-text-font-weight );\">Karol przez lata pracowa\u0142 jako sternik, instruktor \u017ceglarstwa i motorowodniactwa, obejmowa\u0142 stanowiska mened\u017cerskie i z sukcesami realizowa\u0142 kolejne projekty w du\u017cych firmach z bran\u017cy sport\u00f3w wodnych,&nbsp;<\/span><span style=\"color: var( --e-global-color-text ); font-weight: var( --e-global-typography-text-font-weight );\">zdobywaj\u0105c do\u015bwiadczenie potrzebne do za\u0142o\u017cenia w\u0142asnej firmy<\/span><span style=\"color: var( --e-global-color-text ); font-weight: var( --e-global-typography-text-font-weight );\">. Uwa\u017ca, \u017ce przy organizacji imprez ograniczeniem jest jedynie nasza wyobra\u017ania. Opr\u00f3cz doskona\u0142ego przygotowania merytorycznego i wiedzy, Karola cechuje dba\u0142o\u015b\u0107 o szczeg\u00f3\u0142y i \u0142atwo\u015b\u0107 w nawi\u0105zywaniu kontakt\u00f3w, co sprawia, \u017ce wsp\u00f3\u0142praca z nim daje wiele satysfakcji.<\/span><\/p><p><span style=\"color: var( --e-global-color-text ); font-weight: var( --e-global-typography-text-font-weight );\">W Zegrze360 zajmuje si\u0119 organizacj\u0105 event\u00f3w firmowych i grupowych szkole\u0144 regatowych<\/span><\/p>\n<p><br>ZBYSZEK \u0141ASICA<\/p>\n<p>Kapitan jachtowy i motorowodny, instruktor \u017ceglarstwa,&nbsp; motorowodniactwa i p\u0142ywania, operator SRC, ratownik WOPR, p\u0142etwonurek CMAS, pilot wycieczek, skoczek spadochronowy, absolwent warszawskiej AWF. Pierwsze szkolenie \u017ceglarskie prowadzi\u0142 maj\u0105c 17 lat, za\u015b pierwszy morski rejs 3 lata p\u00f3\u017aniej. Sp\u0119dzi\u0142 tysi\u0105ce godzin na wodach Ba\u0142tyku, Atlantyku, morza P\u00f3\u0142nocnego, \u015ar\u00f3dziemnego i Adriatyku, przeprowadzi\u0142 kilkadziesi\u0105t szkole\u0144 \u017ceglarskich i motorowodnych, regularnie przewodniczy komisjom egzaminacyjnym na patenty i licencje.<\/p>\n<p>Prywatnie pasjonat podr\u00f3\u017cy z kilkumiesi\u0119czn\u0105 wypraw\u0105 dooko\u0142a \u015bwiata na koncie, fundator Fundacji Sportowiec.PRO oraz do niedawna wiceprezes Polskiego Zwi\u0105zku Triathlonu.<\/p>\n<section><div><span style=\"color: var( --e-global-color-text ); font-weight: var( --e-global-typography-text-font-weight );\">W Zegrze360 zajmuje si\u0119 organizacj\u0105 szkole\u0144 na patent motorowodny<\/span><\/div><div><span style=\"color: var( --e-global-color-text ); font-weight: var( --e-global-typography-text-font-weight );\"><br><br><\/span><\/div><div><span style=\"color: var( --e-global-color-text ); font-weight: var( --e-global-typography-text-font-weight );\">ADAM STRELAU<br><br>Bosman z krwi i ko\u015bci. Niech Was wiek nie zwiedzie. By\u0142y zawodnik regatowy, bosman od zawsze. Pomo\u017ce, poka\u017ce i zrobi to z u\u015bmiechem.<\/span><\/div><div><span style=\"color: var( --e-global-color-text ); font-weight: var( --e-global-typography-text-font-weight );\"><br><br><\/span><\/div><div><span style=\"color: var( --e-global-color-text ); font-weight: var( --e-global-typography-text-font-weight );\">ANTONI MAC<\/span><\/div><div><span style=\"color: var( --e-global-color-text ); font-weight: var( --e-global-typography-text-font-weight );\"><br><\/span><\/div><div>Bosman nowego pokolenia. Wydaje \u0142odzie motorowe jak nikt inny. Po odebraniu \u0142odzi od Antka poczujecie si\u0119 jakby by\u0142a Wasza.<\/div><div><br><\/div>\n<\/section>\n<p>Razem tworzymy zgrany team, kt\u00f3ry z rado\u015bci\u0105 i pasj\u0105 podejmuje si\u0119 realizacji ka\u017cdego, nawet najbardziej szalonego pomys\u0142u!<\/p>\t\t\t\t\t<\/div>\n\t\t\t\t\t\t<\/div>\n\t\t\t\t<\/div>\n\t\t\t\t\t\t<\/div>\n\t\t\t\t\t<\/div>\n\t\t<\/div>\n\t\t\t\t\t\t\t\t<\/div>\n\t\t\t\t\t<\/div>\n\t\t<\/section>\n\t\t\t\t\t\t\t\t\t<\/div>\n\t\t\t<\/div>\n\t\t\t\t\t<\/div>\n\t\t","protected":false},"excerpt":{"rendered":"<p>Zegrze360 to firma, kt\u00f3ra powsta\u0142a z pasji do sport\u00f3w wodnych i ch\u0119ci zapewnienia \u015bwiatowych standard\u00f3w obs\u0142ugi dla wymagaj\u0105cych klient\u00f3w.\u00a0 Ju\u017c od 8 lat mo\u017cecie korzysta\u0107 z naszej nowoczesnej, stale modernizowanej floty \u0142odzi \u017caglowych i motorowych. Chcemy Wam da\u0107 mo\u017cliwo\u015b\u0107 poznania \u015bwiata sport\u00f3w wodnych, rozwijania si\u0119 i zbierania cennego do\u015bwiadczenia. Zawsze pomo\u017cemy, podpowiemy i poka\u017cemy &#8211;&hellip;&nbsp;<a href=\"https:\/\/zegrze360.pl\/index.php\/o-nas\/\" class=\"\" rel=\"bookmark\">Czytaj wi\u0119cej &raquo;<span class=\"screen-reader-text\">O Nas<\/span><\/a><\/p>\n","protected":false},"author":1,"featured_media":0,"parent":0,"menu_order":0,"comment_status":"closed","ping_status":"closed","template":"elementor_header_footer","meta":[],"_links":{"self":[{"href":"https:\/\/zegrze360.pl\/index.php\/wp-json\/wp\/v2\/pages\/423"}],"collection":[{"href":"https:\/\/zegrze360.pl\/index.php\/wp-json\/wp\/v2\/pages"}],"about":[{"href":"https:\/\/zegrze360.pl\/index.php\/wp-json\/wp\/v2\/types\/page"}],"author":[{"embeddable":true,"href":"https:\/\/zegrze360.pl\/index.php\/wp-json\/wp\/v2\/users\/1"}],"replies":[{"embeddable":true,"href":"https:\/\/zegrze360.pl\/index.php\/wp-json\/wp\/v2\/comments?post=423"}],"version-history":[{"count":87,"href":"https:\/\/zegrze360.pl\/index.php\/wp-json\/wp\/v2\/pages\/423\/revisions"}],"predecessor-version":[{"id":2369,"href":"https:\/\/zegrze360.pl\/index.php\/wp-json\/wp\/v2\/pages\/423\/revisions\/2369"}],"wp:attachment":[{"href":"https:\/\/zegrze360.pl\/index.php\/wp-json\/wp\/v2\/media?parent=423"}],"curies":[{"name":"wp","href":"https:\/\/api.w.org\/{rel}","templated":true}]}}