{"id":53,"date":"2019-04-09T23:54:33","date_gmt":"2019-04-09T21:54:33","guid":{"rendered":"http:\/\/zegrze360.pl\/?page_id=53"},"modified":"2024-05-01T09:43:26","modified_gmt":"2024-05-01T07:43:26","slug":"kontakt","status":"publish","type":"page","link":"https:\/\/zegrze360.pl\/index.php\/kontakt\/","title":{"rendered":"Kontakt"},"content":{"rendered":"\t\t<div data-elementor-type=\"wp-post\" data-elementor-id=\"53\" class=\"elementor elementor-53\">\n\t\t\t\t\t\t<div class=\"elementor-inner\">\n\t\t\t\t<div class=\"elementor-section-wrap\">\n\t\t\t\t\t\t\t\t\t<section class=\"has_eae_slider elementor-section elementor-top-section elementor-element elementor-element-5182574 elementor-section-boxed elementor-section-height-default elementor-section-height-default\" data-id=\"5182574\" data-element_type=\"section\">\n\t\t\t\t\t\t<div class=\"elementor-container elementor-column-gap-default\">\n\t\t\t\t\t\t\t<div class=\"elementor-row\">\n\t\t\t\t\t<div class=\"has_eae_slider elementor-column elementor-col-100 elementor-top-column elementor-element elementor-element-1700f79\" data-id=\"1700f79\" data-element_type=\"column\">\n\t\t\t<div class=\"elementor-column-wrap elementor-element-populated\">\n\t\t\t\t\t\t\t<div class=\"elementor-widget-wrap\">\n\t\t\t\t\t\t<div class=\"elementor-element elementor-element-adf66ba elementor-widget elementor-widget-menu-anchor\" data-id=\"adf66ba\" data-element_type=\"widget\" data-widget_type=\"menu-anchor.default\">\n\t\t\t\t<div class=\"elementor-widget-container\">\n\t\t\t\t\t<div id=\"form\" class=\"elementor-menu-anchor\"><\/div>\n\t\t\t\t<\/div>\n\t\t\t\t<\/div>\n\t\t\t\t\t\t<\/div>\n\t\t\t\t\t<\/div>\n\t\t<\/div>\n\t\t\t\t\t\t\t\t<\/div>\n\t\t\t\t\t<\/div>\n\t\t<\/section>\n\t\t\t\t<section class=\"has_eae_slider elementor-section elementor-top-section elementor-element elementor-element-8c92883 elementor-section-boxed elementor-section-height-default elementor-section-height-default\" data-id=\"8c92883\" data-element_type=\"section\">\n\t\t\t\t\t\t<div class=\"elementor-container elementor-column-gap-default\">\n\t\t\t\t\t\t\t<div class=\"elementor-row\">\n\t\t\t\t\t<div class=\"has_eae_slider elementor-column elementor-col-50 elementor-top-column elementor-element elementor-element-3d27c2e\" data-id=\"3d27c2e\" data-element_type=\"column\">\n\t\t\t<div class=\"elementor-column-wrap elementor-element-populated\">\n\t\t\t\t\t\t\t<div class=\"elementor-widget-wrap\">\n\t\t\t\t\t\t<div class=\"elementor-element elementor-element-2a08e53 elementor-widget elementor-widget-text-editor\" data-id=\"2a08e53\" data-element_type=\"widget\" data-widget_type=\"text-editor.default\">\n\t\t\t\t<div class=\"elementor-widget-container\">\n\t\t\t\t\t\t\t\t<div class=\"elementor-text-editor elementor-clearfix\">\n\t\t\t\t<p><span style=\"font-size: 35px;\">BAZA ZEGRZE 360<\/span><br \/><span style=\"color: #e79d00;\">adres:<\/span><br \/>ul. Warszawska 31a (przy Hotelu 500)<br \/>Zegrze Po\u0142udniowe<\/p><p><span style=\"color: #e79d00;\">tel.:<\/span> +48 726 629 831<br \/><span style=\"color: #e79d00;\">e-mail:\u00a0<\/span><a href=\"mailto:info@zegrze360.pl\">info@zegrze360.pl<\/a><\/p><p>Dane operatora marki Zegrze 360<br \/>FITS Jerzy Kowalski<br \/>NIP: 5211502936<\/p><p>Nr konta:<br \/>88 1050 1054 1000 0090 8234 0283<\/p>\t\t\t\t\t<\/div>\n\t\t\t\t\t\t<\/div>\n\t\t\t\t<\/div>\n\t\t\t\t\t\t<\/div>\n\t\t\t\t\t<\/div>\n\t\t<\/div>\n\t\t\t\t<div class=\"has_eae_slider elementor-column elementor-col-50 elementor-top-column elementor-element elementor-element-1129bc0\" data-id=\"1129bc0\" data-element_type=\"column\">\n\t\t\t<div class=\"elementor-column-wrap elementor-element-populated\">\n\t\t\t\t\t\t\t<div class=\"elementor-widget-wrap\">\n\t\t\t\t\t\t<div class=\"elementor-element elementor-element-e14dbfb elementor-widget elementor-widget-google_maps\" data-id=\"e14dbfb\" data-element_type=\"widget\" data-widget_type=\"google_maps.default\">\n\t\t\t\t<div class=\"elementor-widget-container\">\n\t\t\t\t\t<div class=\"elementor-custom-embed\">\n\t\t\t<iframe frameborder=\"0\" scrolling=\"no\" marginheight=\"0\" marginwidth=\"0\"\n\t\t\t\t\tsrc=\"https:\/\/maps.google.com\/maps?q=Warszawska%2031A%2C%20Zegrze%20Po%C5%82udniowe&#038;t=m&#038;z=13&#038;output=embed&#038;iwloc=near\"\n\t\t\t\t\ttitle=\"Warszawska 31A, Zegrze Po\u0142udniowe\"\n\t\t\t\t\taria-label=\"Warszawska 31A, Zegrze Po\u0142udniowe\"\n\t\t\t><\/iframe>\n\t\t<\/div>\n\t\t\t\t<\/div>\n\t\t\t\t<\/div>\n\t\t\t\t\t\t<\/div>\n\t\t\t\t\t<\/div>\n\t\t<\/div>\n\t\t\t\t\t\t\t\t<\/div>\n\t\t\t\t\t<\/div>\n\t\t<\/section>\n\t\t\t\t<section class=\"has_eae_slider elementor-section elementor-top-section elementor-element elementor-element-35d1788 elementor-section-boxed elementor-section-height-default elementor-section-height-default\" data-id=\"35d1788\" data-element_type=\"section\">\n\t\t\t\t\t\t<div class=\"elementor-container elementor-column-gap-default\">\n\t\t\t\t\t\t\t<div class=\"elementor-row\">\n\t\t\t\t\t<div class=\"has_eae_slider elementor-column elementor-col-100 elementor-top-column elementor-element elementor-element-d9b069a\" data-id=\"d9b069a\" data-element_type=\"column\">\n\t\t\t<div class=\"elementor-column-wrap elementor-element-populated\">\n\t\t\t\t\t\t\t<div class=\"elementor-widget-wrap\">\n\t\t\t\t\t\t<div class=\"elementor-element elementor-element-5f0854d elementor-widget elementor-widget-content_form_contact\" data-id=\"5f0854d\" data-element_type=\"widget\" data-widget_type=\"content_form_contact.default\">\n\t\t\t\t<div class=\"elementor-widget-container\">\n\t\t\t<form action=\"https:\/\/zegrze360.pl\/wp-admin\/admin-post.php\" method=\"post\" name=\"content-form-5f0854d\" id=\"content-form-5f0854d\" class=\"ti-cf-module content-form content-form-contact content_form_contact\"><input type=\"hidden\" id=\"_wpnonce_contact\" name=\"_wpnonce_contact\" value=\"a5c1d6948b\" \/><input type=\"hidden\" name=\"_wp_http_referer\" value=\"\/index.php\/wp-json\/wp\/v2\/pages\/53\" \/><input type=\"hidden\" name=\"action\" value=\"content_form_submit\" \/><input type=\"hidden\" name=\"form-type\" value=\"contact\" \/><input type=\"hidden\" name=\"form-builder\" value=\"elementor\" \/><input type=\"hidden\" name=\"post-id\" value=\"53\" \/><input type=\"hidden\" name=\"form-id\" value=\"5f0854d\" \/><fieldset class=\"content-form-field-text elementor-column elementor-col-100\"><label for=\"data[5f0854d][name]\" >Imi\u0119 i Nazwisko<\/label><input type=\"text\" name=\"data[5f0854d][name]\" id=\"data[5f0854d][name]\"   placeholder=\"\"><\/fieldset><fieldset class=\"content-form-field-email elementor-column elementor-col-100\"><label for=\"data[5f0854d][email]\" >Email<span class=\"required-mark\"> *<\/span><\/label><input type=\"text\" name=\"data[5f0854d][email]\" id=\"data[5f0854d][email]\" required=\"required\"  placeholder=\"\"><\/fieldset><fieldset class=\"content-form-field-number elementor-column elementor-col-100\"><label for=\"data[5f0854d][phone]\" >Telefon<\/label><input type=\"text\" name=\"data[5f0854d][phone]\" id=\"data[5f0854d][phone]\"   placeholder=\"\"><\/fieldset><fieldset class=\"content-form-field-textarea elementor-column elementor-col-100\"><label for=\"data[5f0854d][message]\" >Wiadomo\u015b\u0107<span class=\"required-mark\"> *<\/span><\/label><textarea name=\"data[5f0854d][message]\" id=\"data[5f0854d][message]\"  required=\"required\" placeholder=\"\" cols=\"30\" rows=\"5\"><\/textarea><\/fieldset><fieldset class=\"submit-form contact\"><button type=\"submit\" name=\"submit\"  value=\"submit-contact-5f0854d\" class=\"\">Wy\u015blij<\/button><\/fieldset><\/form>\t\t<\/div>\n\t\t\t\t<\/div>\n\t\t\t\t\t\t<\/div>\n\t\t\t\t\t<\/div>\n\t\t<\/div>\n\t\t\t\t\t\t\t\t<\/div>\n\t\t\t\t\t<\/div>\n\t\t<\/section>\n\t\t\t\t<section class=\"has_eae_slider elementor-section elementor-top-section elementor-element elementor-element-8acccca elementor-section-boxed elementor-section-height-default elementor-section-height-default\" data-id=\"8acccca\" data-element_type=\"section\">\n\t\t\t\t\t\t<div class=\"elementor-container elementor-column-gap-default\">\n\t\t\t\t\t\t\t<div class=\"elementor-row\">\n\t\t\t\t\t<div class=\"has_eae_slider elementor-column elementor-col-100 elementor-top-column elementor-element elementor-element-ba6a292\" data-id=\"ba6a292\" data-element_type=\"column\">\n\t\t\t<div class=\"elementor-column-wrap\">\n\t\t\t\t\t\t\t<div class=\"elementor-widget-wrap\">\n\t\t\t\t\t\t\t\t<\/div>\n\t\t\t\t\t<\/div>\n\t\t<\/div>\n\t\t\t\t\t\t\t\t<\/div>\n\t\t\t\t\t<\/div>\n\t\t<\/section>\n\t\t\t\t\t\t\t\t\t<\/div>\n\t\t\t<\/div>\n\t\t\t\t\t<\/div>\n\t\t","protected":false},"excerpt":{"rendered":"<p>BAZA ZEGRZE 360adres:ul. Warszawska 31a (przy Hotelu 500)Zegrze Po\u0142udniowe tel.: +48 726 629 831e-mail:\u00a0info@zegrze360.pl Dane operatora marki Zegrze 360FITS Jerzy KowalskiNIP: 5211502936 Nr konta:88 1050 1054 1000 0090 8234 0283 Imi\u0119 i Nazwisko Email * Telefon Wiadomo\u015b\u0107 * Wy\u015blij<\/p>\n","protected":false},"author":1,"featured_media":0,"parent":0,"menu_order":0,"comment_status":"closed","ping_status":"closed","template":"elementor_header_footer","meta":[],"_links":{"self":[{"href":"https:\/\/zegrze360.pl\/index.php\/wp-json\/wp\/v2\/pages\/53"}],"collection":[{"href":"https:\/\/zegrze360.pl\/index.php\/wp-json\/wp\/v2\/pages"}],"about":[{"href":"https:\/\/zegrze360.pl\/index.php\/wp-json\/wp\/v2\/types\/page"}],"author":[{"embeddable":true,"href":"https:\/\/zegrze360.pl\/index.php\/wp-json\/wp\/v2\/users\/1"}],"replies":[{"embeddable":true,"href":"https:\/\/zegrze360.pl\/index.php\/wp-json\/wp\/v2\/comments?post=53"}],"version-history":[{"count":43,"href":"https:\/\/zegrze360.pl\/index.php\/wp-json\/wp\/v2\/pages\/53\/revisions"}],"predecessor-version":[{"id":2470,"href":"https:\/\/zegrze360.pl\/index.php\/wp-json\/wp\/v2\/pages\/53\/revisions\/2470"}],"wp:attachment":[{"href":"https:\/\/zegrze360.pl\/index.php\/wp-json\/wp\/v2\/media?parent=53"}],"curies":[{"name":"wp","href":"https:\/\/api.w.org\/{rel}","templated":true}]}}